{"id":8,"date":"2018-05-06T03:59:47","date_gmt":"2018-05-06T01:59:47","guid":{"rendered":"http:\/\/cgtdsipolemploi.fr\/?page_id=8"},"modified":"2019-10-18T14:06:47","modified_gmt":"2019-10-18T12:06:47","slug":"a-propos-de","status":"publish","type":"page","link":"https:\/\/cgtdsipolemploi.fr\/index.php\/a-propos-de\/","title":{"rendered":"\u00c0 propos de"},"content":{"rendered":"<p>Le syndicat de la Conf\u00e9d\u00e9ration G\u00e9n\u00e9rale du Travail de la Direction du Syst\u00e8me d&#8217;Information de P\u00f4le emploi est \u00e0 vos c\u00f4t\u00e9s.<\/p>\n<p>Venez nous rencontrer pour partager des informations sur votre &#8220;gagne pain&#8221;.<\/p>\n<p>Et consulter <a href=\"https:\/\/poleemploidsi.jevotecgt.fr\/\" rel=\"noopener noreferrer\" target=\"_blank\">notre site sp\u00e9cial \u00e9lections professionnelles 2019<\/a> !<\/p>\n","protected":false},"excerpt":{"rendered":"<p>Le syndicat de la Conf\u00e9d\u00e9ration G\u00e9n\u00e9rale du Travail de la Direction du Syst\u00e8me d&#8217;Information de P\u00f4le emploi est \u00e0 vos c\u00f4t\u00e9s. Venez nous rencontrer pour partager des informations sur votre &#8220;gagne pain&#8221;. Et consulter notre site sp\u00e9cial \u00e9lections professionnelles 2019 !<\/p>\n","protected":false},"author":11,"featured_media":5,"parent":0,"menu_order":0,"comment_status":"closed","ping_status":"closed","template":"","meta":{"footnotes":""},"_links":{"self":[{"href":"https:\/\/cgtdsipolemploi.fr\/index.php\/wp-json\/wp\/v2\/pages\/8"}],"collection":[{"href":"https:\/\/cgtdsipolemploi.fr\/index.php\/wp-json\/wp\/v2\/pages"}],"about":[{"href":"https:\/\/cgtdsipolemploi.fr\/index.php\/wp-json\/wp\/v2\/types\/page"}],"author":[{"embeddable":true,"href":"https:\/\/cgtdsipolemploi.fr\/index.php\/wp-json\/wp\/v2\/users\/11"}],"replies":[{"embeddable":true,"href":"https:\/\/cgtdsipolemploi.fr\/index.php\/wp-json\/wp\/v2\/comments?post=8"}],"version-history":[{"count":5,"href":"https:\/\/cgtdsipolemploi.fr\/index.php\/wp-json\/wp\/v2\/pages\/8\/revisions"}],"predecessor-version":[{"id":274,"href":"https:\/\/cgtdsipolemploi.fr\/index.php\/wp-json\/wp\/v2\/pages\/8\/revisions\/274"}],"wp:featuredmedia":[{"embeddable":true,"href":"https:\/\/cgtdsipolemploi.fr\/index.php\/wp-json\/wp\/v2\/media\/5"}],"wp:attachment":[{"href":"https:\/\/cgtdsipolemploi.fr\/index.php\/wp-json\/wp\/v2\/media?parent=8"}],"curies":[{"name":"wp","href":"https:\/\/api.w.org\/{rel}","templated":true}]}}