{"id":580,"date":"2023-02-09T11:45:43","date_gmt":"2023-02-09T10:45:43","guid":{"rendered":"https:\/\/cgtdsipolemploi.fr\/?page_id=580"},"modified":"2023-02-09T14:28:39","modified_gmt":"2023-02-09T13:28:39","slug":"communique-cgt-pole-emploi-france-travail-episode-1-les-concertations","status":"publish","type":"page","link":"https:\/\/cgtdsipolemploi.fr\/index.php\/france-travail\/communique-cgt-pole-emploi-france-travail-episode-1-les-concertations\/","title":{"rendered":"Communiqu\u00e9 CGT P\u00f4le Emploi France Travail &#8211; Episode 1 : les concertations"},"content":{"rendered":"<p>S\u2019agissant du questionnaire \u00ab France Travail \u00bb sur l\u2019intranet et le mail de Monsieur Paul Bazin, vous avez \u00e9t\u00e9 nombreux \u00e0 nous solliciter sur la position de la CGT P\u00f4le emploi. Comme vous pourrez le lire dans le tract (Episode 1), pour la CGT, il ne semble pas opportun, ni utile, de s\u2019inscrire dans ce pseudo recueil d\u2019avis ou suggestions des agents. Bien s\u00fbr, ce n\u2019est qu\u2019une proposition.  <\/p>\n<p>En lien avec le chantier France Travail, la CGT P\u00f4le Emploi a d\u00e9cid\u00e9 de vous informer, de vous faire part des \u00ab n\u00e9gociations \u00bb auxquelles nous avons particip\u00e9, de porter notre analyse et de vous mobiliser.<\/p>\n<p>La CGT a d\u00e9cid\u00e9 de communiquer sur France Travail en \u00e9pisodes.  <figure id=\"attachment_581\" aria-describedby=\"caption-attachment-581\" style=\"width: 211px\" class=\"wp-caption alignleft\"><img decoding=\"async\" loading=\"lazy\" src=\"http:\/\/cgtdsipolemploi.fr\/wp-content\/uploads\/2023\/02\/FT-analyse.png\" alt=\"\" width=\"422\" height=\"364\" class=\"size-full wp-image-581\" srcset=\"https:\/\/cgtdsipolemploi.fr\/wp-content\/uploads\/2023\/02\/FT-analyse.png 422w, https:\/\/cgtdsipolemploi.fr\/wp-content\/uploads\/2023\/02\/FT-analyse-300x259.png 300w\" sizes=\"(max-width: 422px) 100vw, 422px\" \/><figcaption id=\"caption-attachment-581\" class=\"wp-caption-text\">France Travail Analyse CGT P\u00f4le emploi<\/figcaption><\/figure><\/p>\n<p>vous trouverez ci-dessous l\u2019\u00e9pisode 1 sur les concertations :<\/p>\n<p><img decoding=\"async\" loading=\"lazy\" src=\"http:\/\/cgtdsipolemploi.fr\/wp-content\/uploads\/2023\/02\/FT-page-1-726x1024.jpg\" alt=\"\" width=\"525\" height=\"740\" class=\"alignright size-large wp-image-586\" srcset=\"https:\/\/cgtdsipolemploi.fr\/wp-content\/uploads\/2023\/02\/FT-page-1-726x1024.jpg 726w, https:\/\/cgtdsipolemploi.fr\/wp-content\/uploads\/2023\/02\/FT-page-1-213x300.jpg 213w, https:\/\/cgtdsipolemploi.fr\/wp-content\/uploads\/2023\/02\/FT-page-1-768x1083.jpg 768w, https:\/\/cgtdsipolemploi.fr\/wp-content\/uploads\/2023\/02\/FT-page-1.jpg 802w\" sizes=\"(max-width: 525px) 100vw, 525px\" \/><\/p>\n<p><img decoding=\"async\" loading=\"lazy\" src=\"http:\/\/cgtdsipolemploi.fr\/wp-content\/uploads\/2023\/02\/FT-page-2-726x1024.jpg\" alt=\"\" width=\"525\" height=\"740\" class=\"alignright size-large wp-image-588\" srcset=\"https:\/\/cgtdsipolemploi.fr\/wp-content\/uploads\/2023\/02\/FT-page-2-726x1024.jpg 726w, https:\/\/cgtdsipolemploi.fr\/wp-content\/uploads\/2023\/02\/FT-page-2-213x300.jpg 213w, https:\/\/cgtdsipolemploi.fr\/wp-content\/uploads\/2023\/02\/FT-page-2-768x1083.jpg 768w, https:\/\/cgtdsipolemploi.fr\/wp-content\/uploads\/2023\/02\/FT-page-2.jpg 802w\" sizes=\"(max-width: 525px) 100vw, 525px\" \/><\/p>\n","protected":false},"excerpt":{"rendered":"<p>S\u2019agissant du questionnaire \u00ab France Travail \u00bb sur l\u2019intranet et le mail de Monsieur Paul Bazin, vous avez \u00e9t\u00e9 nombreux \u00e0 nous solliciter sur la position de la CGT P\u00f4le emploi. Comme vous pourrez le lire dans le tract (Episode 1), pour la CGT, il ne semble pas opportun, ni utile, de s\u2019inscrire dans ce &hellip; <\/p>\n<p class=\"link-more\"><a href=\"https:\/\/cgtdsipolemploi.fr\/index.php\/france-travail\/communique-cgt-pole-emploi-france-travail-episode-1-les-concertations\/\" class=\"more-link\">Continuer la lecture<span class=\"screen-reader-text\"> de &laquo;&nbsp;Communiqu\u00e9 CGT P\u00f4le Emploi France Travail &#8211; Episode 1 : les concertations&nbsp;&raquo;<\/span><\/a><\/p>\n","protected":false},"author":11,"featured_media":0,"parent":577,"menu_order":1,"comment_status":"closed","ping_status":"closed","template":"","meta":{"footnotes":""},"_links":{"self":[{"href":"https:\/\/cgtdsipolemploi.fr\/index.php\/wp-json\/wp\/v2\/pages\/580"}],"collection":[{"href":"https:\/\/cgtdsipolemploi.fr\/index.php\/wp-json\/wp\/v2\/pages"}],"about":[{"href":"https:\/\/cgtdsipolemploi.fr\/index.php\/wp-json\/wp\/v2\/types\/page"}],"author":[{"embeddable":true,"href":"https:\/\/cgtdsipolemploi.fr\/index.php\/wp-json\/wp\/v2\/users\/11"}],"replies":[{"embeddable":true,"href":"https:\/\/cgtdsipolemploi.fr\/index.php\/wp-json\/wp\/v2\/comments?post=580"}],"version-history":[{"count":7,"href":"https:\/\/cgtdsipolemploi.fr\/index.php\/wp-json\/wp\/v2\/pages\/580\/revisions"}],"predecessor-version":[{"id":592,"href":"https:\/\/cgtdsipolemploi.fr\/index.php\/wp-json\/wp\/v2\/pages\/580\/revisions\/592"}],"up":[{"embeddable":true,"href":"https:\/\/cgtdsipolemploi.fr\/index.php\/wp-json\/wp\/v2\/pages\/577"}],"wp:attachment":[{"href":"https:\/\/cgtdsipolemploi.fr\/index.php\/wp-json\/wp\/v2\/media?parent=580"}],"curies":[{"name":"wp","href":"https:\/\/api.w.org\/{rel}","templated":true}]}}