{"id":241,"date":"2019-07-29T14:16:35","date_gmt":"2019-07-29T12:16:35","guid":{"rendered":"http:\/\/cgtdsipolemploi.fr\/?page_id=241"},"modified":"2019-10-18T14:08:19","modified_gmt":"2019-10-18T12:08:19","slug":"campagne-cgt-dsi-pole-emploi-2019","status":"publish","type":"page","link":"https:\/\/cgtdsipolemploi.fr\/index.php\/accueil\/campagne-cgt-dsi-pole-emploi-2019\/","title":{"rendered":"Campagne CGT DSI P\u00f4le emploi 2019"},"content":{"rendered":"<p><iframe loading=\"lazy\" title=\"\u00c0 P\u00f4le Emploi DSI on va bient\u00f4t voter\u2026\" width=\"525\" height=\"295\" src=\"https:\/\/www.youtube.com\/embed\/kW6sgYr3vJA?feature=oembed\" frameborder=\"0\" allow=\"accelerometer; autoplay; encrypted-media; gyroscope; picture-in-picture\" allowfullscreen><\/iframe><\/p>\n<p>Et notre <a href=\"https:\/\/poleemploidsi.jevotecgt.fr\/\" rel=\"noopener noreferrer\" target=\"_blank\">site sp\u00e9cial \u00e9lections professionnelles 2019<\/a>.<\/p>\n","protected":false},"excerpt":{"rendered":"<p>Et notre site sp\u00e9cial \u00e9lections professionnelles 2019.<\/p>\n","protected":false},"author":11,"featured_media":0,"parent":7,"menu_order":0,"comment_status":"closed","ping_status":"closed","template":"","meta":{"footnotes":""},"_links":{"self":[{"href":"https:\/\/cgtdsipolemploi.fr\/index.php\/wp-json\/wp\/v2\/pages\/241"}],"collection":[{"href":"https:\/\/cgtdsipolemploi.fr\/index.php\/wp-json\/wp\/v2\/pages"}],"about":[{"href":"https:\/\/cgtdsipolemploi.fr\/index.php\/wp-json\/wp\/v2\/types\/page"}],"author":[{"embeddable":true,"href":"https:\/\/cgtdsipolemploi.fr\/index.php\/wp-json\/wp\/v2\/users\/11"}],"replies":[{"embeddable":true,"href":"https:\/\/cgtdsipolemploi.fr\/index.php\/wp-json\/wp\/v2\/comments?post=241"}],"version-history":[{"count":2,"href":"https:\/\/cgtdsipolemploi.fr\/index.php\/wp-json\/wp\/v2\/pages\/241\/revisions"}],"predecessor-version":[{"id":275,"href":"https:\/\/cgtdsipolemploi.fr\/index.php\/wp-json\/wp\/v2\/pages\/241\/revisions\/275"}],"up":[{"embeddable":true,"href":"https:\/\/cgtdsipolemploi.fr\/index.php\/wp-json\/wp\/v2\/pages\/7"}],"wp:attachment":[{"href":"https:\/\/cgtdsipolemploi.fr\/index.php\/wp-json\/wp\/v2\/media?parent=241"}],"curies":[{"name":"wp","href":"https:\/\/api.w.org\/{rel}","templated":true}]}}